{"id":14,"date":"2020-11-21T16:04:45","date_gmt":"2020-11-21T16:04:45","guid":{"rendered":"https:\/\/zub.lzv.mybluehost.me\/\/?page_id=14"},"modified":"2021-08-23T08:37:22","modified_gmt":"2021-08-23T08:37:22","slug":"inspiration","status":"publish","type":"page","link":"https:\/\/xn--linebrggermikkelsen-07b.dk\/?page_id=14","title":{"rendered":"Inspiration"},"content":{"rendered":"\n<p class=\"has-medium-font-size\"><strong>Inspiration<\/strong><\/p>\n\n\n\n<p>Mens I venter p\u00e5 at komme i parterapi, kan I s\u00f8ge inspiration nedenfor:<\/p>\n\n\n\n<p class=\"has-normal-font-size\"><meta charset=\"utf-8\"><strong>Video talks: K\u00e6rlighed og forelskelse<\/strong><\/p>\n\n\n\n<p class=\"has-normal-font-size\">Helen Fisher: The brain in love<\/p>\n\n\n\n<figure class=\"wp-block-embed is-type-video is-provider-ted wp-block-embed-ted wp-embed-aspect-16-9 wp-has-aspect-ratio\"><div class=\"wp-block-embed__wrapper\">\n<iframe loading=\"lazy\" title=\"Helen Fisher: The brain in love\" src=\"https:\/\/embed.ted.com\/talks\/helen_fisher_the_brain_in_love\" width=\"500\" height=\"282\" frameborder=\"0\" scrolling=\"no\" webkitAllowFullScreen mozallowfullscreen allowFullScreen><\/iframe>\n<\/div><\/figure>\n\n\n\n<p><\/p>\n\n\n\n<p>Sue Johnson: The laws of love<\/p>\n\n\n\n<figure class=\"wp-block-embed is-type-rich is-provider-embed-handler wp-block-embed-embed-handler wp-embed-aspect-16-9 wp-has-aspect-ratio\"><div class=\"wp-block-embed__wrapper\">\n<iframe loading=\"lazy\" title=\"The Laws of Love - (Live Talk)\" width=\"500\" height=\"281\" src=\"https:\/\/www.youtube.com\/embed\/e2C9yUVdQjg?feature=oembed\" frameborder=\"0\" allow=\"accelerometer; autoplay; clipboard-write; encrypted-media; gyroscope; picture-in-picture; web-share\" referrerpolicy=\"strict-origin-when-cross-origin\" allowfullscreen><\/iframe>\n<\/div><\/figure>\n\n\n\n<p>Hedy Schleifer: The power of connection<\/p>\n\n\n\n<figure class=\"wp-block-embed is-type-rich is-provider-embed-handler wp-block-embed-embed-handler wp-embed-aspect-16-9 wp-has-aspect-ratio\"><div class=\"wp-block-embed__wrapper\">\n<iframe loading=\"lazy\" title=\"TEDxTelAviv - Hedy Schleifer - The Power of Connection\" width=\"500\" height=\"281\" src=\"https:\/\/www.youtube.com\/embed\/HEaERAnIqsY?feature=oembed\" frameborder=\"0\" allow=\"accelerometer; autoplay; clipboard-write; encrypted-media; gyroscope; picture-in-picture; web-share\" referrerpolicy=\"strict-origin-when-cross-origin\" allowfullscreen><\/iframe>\n<\/div><\/figure>\n\n\n\n<p>John Gottman: The science of love<\/p>\n\n\n\n<figure class=\"wp-block-embed is-type-rich is-provider-embed-handler wp-block-embed-embed-handler wp-embed-aspect-16-9 wp-has-aspect-ratio\"><div class=\"wp-block-embed__wrapper\">\n<iframe loading=\"lazy\" title=\"The Science of Love | John Gottman | TEDxVeniceBeach\" width=\"500\" height=\"281\" src=\"https:\/\/www.youtube.com\/embed\/-uazFBCDvVw?feature=oembed\" frameborder=\"0\" allow=\"accelerometer; autoplay; clipboard-write; encrypted-media; gyroscope; picture-in-picture; web-share\" referrerpolicy=\"strict-origin-when-cross-origin\" allowfullscreen><\/iframe>\n<\/div><\/figure>\n\n\n\n<p><\/p>\n\n\n\n<p class=\"has-medium-font-size\"><meta charset=\"utf-8\"><strong>Video talks: Seksualitet og intimitet<\/strong><\/p>\n\n\n\n<p>Sue Johnson: The new frontier of sex and intimacy<\/p>\n\n\n\n<figure class=\"wp-block-embed is-type-rich is-provider-embed-handler wp-block-embed-embed-handler wp-embed-aspect-16-9 wp-has-aspect-ratio\"><div class=\"wp-block-embed__wrapper\">\n<iframe loading=\"lazy\" title=\"The New Frontier of Sex &amp; Intimacy | Dr Sue Johnson | TEDxUOttawa\" width=\"500\" height=\"281\" src=\"https:\/\/www.youtube.com\/embed\/hiVijMLH2-k?feature=oembed\" frameborder=\"0\" allow=\"accelerometer; autoplay; clipboard-write; encrypted-media; gyroscope; picture-in-picture; web-share\" referrerpolicy=\"strict-origin-when-cross-origin\" allowfullscreen><\/iframe>\n<\/div><\/figure>\n\n\n\n<p>Emily Nagoski: How couples can sustain a strong sexual connection for a lifetime<br><\/p>\n\n\n\n<figure class=\"wp-block-embed is-type-video is-provider-ted wp-block-embed-ted wp-embed-aspect-16-9 wp-has-aspect-ratio\"><div class=\"wp-block-embed__wrapper\">\n<iframe loading=\"lazy\" title=\"Emily Nagoski: How couples can sustain a strong sexual connection for a lifetime\" src=\"https:\/\/embed.ted.com\/talks\/emily_nagoski_how_couples_can_sustain_a_strong_sexual_connection_for_a_lifetime\" width=\"500\" height=\"282\" frameborder=\"0\" scrolling=\"no\" webkitAllowFullScreen mozallowfullscreen allowFullScreen><\/iframe>\n<\/div><\/figure>\n\n\n\n<p>Esther Perrel: Hemmeligheden bag beg\u00e6r i langvarige parforhold<br><\/p>\n\n\n\n<figure class=\"wp-block-embed is-type-rich is-provider-embed-handler wp-block-embed-embed-handler wp-embed-aspect-16-9 wp-has-aspect-ratio\"><div class=\"wp-block-embed__wrapper\">\n<iframe loading=\"lazy\" title=\"The secret to desire in a long-term relationship | Esther Perel | TED\" width=\"500\" height=\"281\" src=\"https:\/\/www.youtube.com\/embed\/sa0RUmGTCYY?feature=oembed\" frameborder=\"0\" allow=\"accelerometer; autoplay; clipboard-write; encrypted-media; gyroscope; picture-in-picture; web-share\" referrerpolicy=\"strict-origin-when-cross-origin\" allowfullscreen><\/iframe>\n<\/div><\/figure>\n\n\n\n<p>Esther Perrel: Rethinking infidelity\u2026 for anyone who has ever loved<br><\/p>\n\n\n\n<figure class=\"wp-block-embed is-type-video is-provider-ted wp-block-embed-ted wp-embed-aspect-16-9 wp-has-aspect-ratio\"><div class=\"wp-block-embed__wrapper\">\n<iframe loading=\"lazy\" title=\"Esther Perel: Rethinking infidelity ... a talk for anyone who has ever loved\" src=\"https:\/\/embed.ted.com\/talks\/esther_perel_rethinking_infidelity_a_talk_for_anyone_who_has_ever_loved\" width=\"500\" height=\"282\" frameborder=\"0\" scrolling=\"no\" webkitAllowFullScreen mozallowfullscreen allowFullScreen><\/iframe>\n<\/div><\/figure>\n\n\n\n<p><\/p>\n\n\n\n<p class=\"has-medium-font-size\"><strong>B\u00f8ger til par<\/strong><\/p>\n\n\n\n<p><strong>&#8220;Hold mig&#8221;<\/strong> af Sue Johnson<\/p>\n\n\n\n<figure class=\"wp-block-image size-full\"><img data-recalc-dims=\"1\" loading=\"lazy\" decoding=\"async\" width=\"250\" height=\"381\" src=\"https:\/\/i0.wp.com\/xn--linebrggermikkelsen-07b.dkwp-content\/uploads\/2021\/08\/hold-mig.png?resize=250%2C381&#038;ssl=1\" alt=\"\" class=\"wp-image-264\" srcset=\"https:\/\/i0.wp.com\/xn--linebrggermikkelsen-07b.dk\/wp-content\/uploads\/2021\/08\/hold-mig.png?w=250&amp;ssl=1 250w, https:\/\/i0.wp.com\/xn--linebrggermikkelsen-07b.dk\/wp-content\/uploads\/2021\/08\/hold-mig.png?resize=197%2C300&amp;ssl=1 197w\" sizes=\"auto, (max-width: 250px) 100vw, 250px\" \/><\/figure>\n\n\n\n<p><strong>&#8220;Pas p\u00e5 parforholdet&#8221;<\/strong> af Mattias St\u00f8len Due<\/p>\n\n\n\n<figure class=\"wp-block-image size-full\"><img data-recalc-dims=\"1\" loading=\"lazy\" decoding=\"async\" width=\"250\" height=\"350\" src=\"https:\/\/i0.wp.com\/xn--linebrggermikkelsen-07b.dkwp-content\/uploads\/2021\/08\/pas-pa%CC%8A-parforholdet.png?resize=250%2C350&#038;ssl=1\" alt=\"\" class=\"wp-image-267\" srcset=\"https:\/\/i0.wp.com\/xn--linebrggermikkelsen-07b.dk\/wp-content\/uploads\/2021\/08\/pas-pa%CC%8A-parforholdet.png?w=250&amp;ssl=1 250w, https:\/\/i0.wp.com\/xn--linebrggermikkelsen-07b.dk\/wp-content\/uploads\/2021\/08\/pas-pa%CC%8A-parforholdet.png?resize=214%2C300&amp;ssl=1 214w\" sizes=\"auto, (max-width: 250px) 100vw, 250px\" \/><\/figure>\n\n\n\n<p class=\"has-medium-font-size\"><strong>B\u00f8ger til par i sammenbragte familier:<\/strong><\/p>\n\n\n\n<p><strong>&#8220;Surviving and thriving in stepfamily relationships&#8221;<\/strong> af Patricia Papernow<\/p>\n\n\n\n<figure class=\"wp-block-image size-full\"><img data-recalc-dims=\"1\" loading=\"lazy\" decoding=\"async\" width=\"250\" height=\"377\" src=\"https:\/\/i0.wp.com\/xn--linebrggermikkelsen-07b.dkwp-content\/uploads\/2021\/08\/surviving...png?resize=250%2C377&#038;ssl=1\" alt=\"\" class=\"wp-image-268\" srcset=\"https:\/\/i0.wp.com\/xn--linebrggermikkelsen-07b.dk\/wp-content\/uploads\/2021\/08\/surviving...png?w=250&amp;ssl=1 250w, https:\/\/i0.wp.com\/xn--linebrggermikkelsen-07b.dk\/wp-content\/uploads\/2021\/08\/surviving...png?resize=199%2C300&amp;ssl=1 199w\" sizes=\"auto, (max-width: 250px) 100vw, 250px\" \/><\/figure>\n\n\n\n<p><br><\/p>\n\n\n\n<p class=\"has-medium-font-size\"><meta charset=\"utf-8\"><strong>M\u00f8d mig<\/strong><\/p>\n\n\n\n<p>Artikel af Line Br\u00f8gger Mikkelsen: <br><strong>&#8220;Parforhold: Ret fokus mod dig selv og bevar k\u00e6rligheden&#8221; <\/strong><br><a href=\"https:\/\/altompsykologi.dk\/forfattere\/linebrogger\/\">https:\/\/altompsykologi.dk\/forfattere\/linebrogger\/<\/a><\/p>\n\n\n\n<p>Artikel af Katrine Stampe: <br><strong>&#8220;Utroskab kan v\u00e6lte partneren totalt omkuld&#8221;<\/strong><br><a href=\"https:\/\/jyllands-posten.dk\/premium\/indblik\/ECE9758089\/utroskab-kan-vaelte-partneren-totalt-omkuld\/\">https:\/\/jyllands-posten.dk\/premium\/indblik\/ECE9758089\/utroskab-kan-vaelte-partneren-totalt-omkuld\/<\/a><\/p>\n\n\n\n<p>Artikel p\u00e5 Zetland af Sara Alfort: <br><strong>&#8220;Vil corona-tiden f\u00f8re til flere skilsmisser eller et regul\u00e6rt babyboom? S\u00e5dan passer du p\u00e5 parforholdet i hjemmekontoret&#8221;<\/strong><br><a href=\"https:\/\/www.zetland.dk\/historie\/sOXVk07k-aeW04Gvq-adc4f\">https:\/\/www.zetland.dk\/historie\/sOXVk07k-aeW04Gvq-adc4f<\/a><\/p>\n\n\n\n<p>Kejser p\u00e5 P1: <br><strong>&#8220;Utro eller ej &#8211; hvor g\u00e5r gr\u00e6nsen&#8221;<\/strong><br><a href=\"https:\/\/www.dr.dk\/radio\/p1\/kejser\/kejser-2017-05-29\">https:\/\/www.dr.dk\/radio\/p1\/kejser\/kejser-2017-05-29<\/a><\/p>\n\n\n\n<p>INDSIGT med Cleoh podcast:<br><strong>&#8220;Om at bevare k\u00e6rligheden og forebygge konflikter i parforholdet \u2013 EFT med Line Mikkelsen&#8221;<\/strong><br><a href=\"https:\/\/psykologerne.dk\/podcasts\/20-om-at-bevare-kaerligheden-og-forebygge-konflikter-i-parforholdet-eft-med-line-mikkelsen\/\">https:\/\/psykologerne.dk\/podcasts\/20-om-at-bevare-kaerligheden-og-forebygge-konflikter-i-parforholdet-eft-med-line-mikkelsen\/<\/a><\/p>\n\n\n\n<p><meta charset=\"utf-8\">INDSIGT med Cleoh podcast:<br><strong>&#8220;Utroskab, tillidsbrud og komplekse dynamikker i parforholdet \u2013 Samtale med Line Mikkelsen&#8221;<\/strong><br><a href=\"https:\/\/psykologerne.dk\/podcasts\/21-utroskab-tillidsbrud-og-komplekse-dynamikker-i-parforholdet-samtale-med-line-mikkelsen\/\">https:\/\/psykologerne.dk\/podcasts\/21-utroskab-tillidsbrud-og-komplekse-dynamikker-i-parforholdet-samtale-med-line-mikkelsen\/<\/a><\/p>\n\n\n\n<p><\/p>\n\n\n\n<p><\/p>\n","protected":false},"excerpt":{"rendered":"<p>Inspiration Mens I venter p\u00e5 at komme i parterapi, kan I s\u00f8ge inspiration nedenfor: Video talks: K\u00e6rlighed og forelskelse Helen Fisher: The brain in love Sue Johnson: The laws of&hellip;<\/p>\n","protected":false},"author":1,"featured_media":0,"parent":0,"menu_order":0,"comment_status":"closed","ping_status":"closed","template":"","meta":{"nf_dc_page":"","om_disable_all_campaigns":false,"_monsterinsights_skip_tracking":false,"_monsterinsights_sitenote_active":false,"_monsterinsights_sitenote_note":"","_monsterinsights_sitenote_category":0,"footnotes":""},"class_list":["post-14","page","type-page","status-publish","hentry"],"jetpack_sharing_enabled":true,"_links":{"self":[{"href":"https:\/\/xn--linebrggermikkelsen-07b.dk\/index.php?rest_route=\/wp\/v2\/pages\/14","targetHints":{"allow":["GET"]}}],"collection":[{"href":"https:\/\/xn--linebrggermikkelsen-07b.dk\/index.php?rest_route=\/wp\/v2\/pages"}],"about":[{"href":"https:\/\/xn--linebrggermikkelsen-07b.dk\/index.php?rest_route=\/wp\/v2\/types\/page"}],"author":[{"embeddable":true,"href":"https:\/\/xn--linebrggermikkelsen-07b.dk\/index.php?rest_route=\/wp\/v2\/users\/1"}],"replies":[{"embeddable":true,"href":"https:\/\/xn--linebrggermikkelsen-07b.dk\/index.php?rest_route=%2Fwp%2Fv2%2Fcomments&post=14"}],"version-history":[{"count":6,"href":"https:\/\/xn--linebrggermikkelsen-07b.dk\/index.php?rest_route=\/wp\/v2\/pages\/14\/revisions"}],"predecessor-version":[{"id":272,"href":"https:\/\/xn--linebrggermikkelsen-07b.dk\/index.php?rest_route=\/wp\/v2\/pages\/14\/revisions\/272"}],"wp:attachment":[{"href":"https:\/\/xn--linebrggermikkelsen-07b.dk\/index.php?rest_route=%2Fwp%2Fv2%2Fmedia&parent=14"}],"curies":[{"name":"wp","href":"https:\/\/api.w.org\/{rel}","templated":true}]}}