{"id":16,"date":"2020-11-21T16:06:50","date_gmt":"2020-11-21T16:06:50","guid":{"rendered":"https:\/\/zub.lzv.mybluehost.me\/\/?page_id=16"},"modified":"2021-08-23T08:57:49","modified_gmt":"2021-08-23T08:57:49","slug":"cv","status":"publish","type":"page","link":"https:\/\/xn--linebrggermikkelsen-07b.dk\/?page_id=16","title":{"rendered":"CV"},"content":{"rendered":"\n<p class=\"has-medium-font-size\"><strong>CV<\/strong><\/p>\n\n\n\n<p><strong>Uddannelser<\/strong><\/p>\n\n\n\n<p>2020 &#8211; [Igangv\u00e6rende] Supervisor i emotionsfokuseret parterapi ved Jette Simon\/ Lone Algot Jeppesen<br>2018 &#8211; <meta charset=\"utf-8\">[Igangv\u00e6rende] 3-\u00e5rig specialistgodkendt uddannelse i Intensive Short-term Psychodynamic Therapy (ISTDP) ved Allan Larsen\/ Jeanne Isaksen<br>2016 Certificeret i emotiotionsfokuseret parterapi af ICEEFT<br>2016 Certificeret Partjek Vejleder<br>2010 Cand. Psych. ved K\u00f8benhavns Universitet<br>2008 Certificeret underviser I Prevention and Relationship Enhancement Program (PREP)<\/p>\n\n\n\n<p><strong>Ans\u00e6ttelser<\/strong><br>2020 &#8211; <meta charset=\"utf-8\">[Igangv\u00e6rende] Privat praksis v\/ Psykolog og parterapeut Line Br\u00f8gger Mikkelsen<br>2013 &#8211; 2020 Psykolog I parafdelingen ved Center for familieudvkling, K\u00f8benhavn<br>2010 &#8211; 2013 Psykolog ved p\u00e6dagogisk psykologisk r\u00e5dgivning, K\u00f8benhavns Kommune<\/p>\n\n\n\n<p><strong>Undervisning, foredrag, projekter jeg har medvirket i<\/strong><br>2019 &#8211; 2020 Udviklet projekt par-telefonen under Center for Familieudvikling<br>2019 Foredrag ved netv\u00e6rket Livsmod om par i sammenbragte familier<br>2018 &#8211; 2020 Undervist alment praktiserende l\u00e6ger p\u00e5 speciall\u00e6ge-uddannelsen ved K\u00f8benhavns Universitet om par og parforholdsdynamikker https:\/\/www.speam.dk\/flx\/koebenhavn\/undervisere\/?mode=visUnderviser&amp;uid=566<br>2014 &#8211; 2020 Uddannet PREP-ledere i Prevention and Relationship Enhancement Program (PREP)<br>2015 &#8211; 2016 Udviklet PREP-programmet til det danske forsvar samt undervist og uddannet soldater og civile<\/p>\n\n\n\n<p><strong>Kurser<\/strong><br>2019 2-dages masterclass ved Patricia Papernow om par i sammenbragte familier<br>2017 2-dages masterclass ved Ester Perel om seksualitet og beg\u00e6r i langvarige parforhold<br>2016 2-dages masterclass om emotionsfokuseret parterapi og seksualitet ved Jette Simon<br>2012 3-dages kursus ved Maggie Carey om narrative samtaler med b\u00f8rn<br>2011 &#8211; 2012 6-dages efteruddannelse i konsultative praksisformer ved Inpraxix<br>2011 1-dags kursus ved Carsten Lose i anvendelse af WISC-IV<br>2011 1-dags kursus ved Vibe Str\u00f8jer om fusionsprocesser inden for det offentlige<br>2011 4-dages ved b\u00f8rne- og ungdomspsykiater S\u00f8ren Hertz om differentialdiagnostik og uanede udviklingsmuligheder<br>2008 1-dags kursus ved Henriette E. Kinnerup i kognitiv terapi i Praksis<br>2007 1-dags kursus i ved Lars S\u00f8rensen i jeg-st\u00f8ttende terapi i lyset af \u00e6ldre psykodynamisk teori og nyere psykobiologisk viden<br>2007 1-dags kursus ved Ulla Giersing i eksistentiel psykoterapi<\/p>\n\n\n\n<p><strong>Aktuel supervision<\/strong><br>2014 &#8211; <meta charset=\"utf-8\">[Igangv\u00e6rende] Jeg modtager l\u00f8bende supervision ved Jette Simon, specialist i psykoterapi, certificeret EFT terapeut, EFT-supervisor og EFT-trainer<br>2021 &#8211; <meta charset=\"utf-8\">[Igangv\u00e6rende] Jeg modtager l\u00f8bende supervision ved Lone Algot Jeppesen, specialist i psykoterapi, certificeret EFT-terapeut og EFT-supervisor<br>2018 &#8211; <meta charset=\"utf-8\">[Igangv\u00e6rende] Jeg modtager l\u00f8bende supervision ved Jeanne Isaksen, specialist i psykoterapi og supervisor i ISTDP<\/p>\n","protected":false},"excerpt":{"rendered":"<p>CV Uddannelser 2020 &#8211; [Igangv\u00e6rende] Supervisor i emotionsfokuseret parterapi ved Jette Simon\/ Lone Algot Jeppesen2018 &#8211; [Igangv\u00e6rende] 3-\u00e5rig specialistgodkendt uddannelse i Intensive Short-term Psychodynamic Therapy (ISTDP) ved Allan Larsen\/ Jeanne&hellip;<\/p>\n","protected":false},"author":1,"featured_media":0,"parent":0,"menu_order":0,"comment_status":"closed","ping_status":"closed","template":"","meta":{"nf_dc_page":"","om_disable_all_campaigns":false,"_monsterinsights_skip_tracking":false,"_monsterinsights_sitenote_active":false,"_monsterinsights_sitenote_note":"","_monsterinsights_sitenote_category":0,"footnotes":""},"class_list":["post-16","page","type-page","status-publish","hentry"],"jetpack_sharing_enabled":true,"_links":{"self":[{"href":"https:\/\/xn--linebrggermikkelsen-07b.dk\/index.php?rest_route=\/wp\/v2\/pages\/16","targetHints":{"allow":["GET"]}}],"collection":[{"href":"https:\/\/xn--linebrggermikkelsen-07b.dk\/index.php?rest_route=\/wp\/v2\/pages"}],"about":[{"href":"https:\/\/xn--linebrggermikkelsen-07b.dk\/index.php?rest_route=\/wp\/v2\/types\/page"}],"author":[{"embeddable":true,"href":"https:\/\/xn--linebrggermikkelsen-07b.dk\/index.php?rest_route=\/wp\/v2\/users\/1"}],"replies":[{"embeddable":true,"href":"https:\/\/xn--linebrggermikkelsen-07b.dk\/index.php?rest_route=%2Fwp%2Fv2%2Fcomments&post=16"}],"version-history":[{"count":5,"href":"https:\/\/xn--linebrggermikkelsen-07b.dk\/index.php?rest_route=\/wp\/v2\/pages\/16\/revisions"}],"predecessor-version":[{"id":283,"href":"https:\/\/xn--linebrggermikkelsen-07b.dk\/index.php?rest_route=\/wp\/v2\/pages\/16\/revisions\/283"}],"wp:attachment":[{"href":"https:\/\/xn--linebrggermikkelsen-07b.dk\/index.php?rest_route=%2Fwp%2Fv2%2Fmedia&parent=16"}],"curies":[{"name":"wp","href":"https:\/\/api.w.org\/{rel}","templated":true}]}}