{"id":7,"date":"2020-11-21T15:51:37","date_gmt":"2020-11-21T15:51:37","guid":{"rendered":"https:\/\/zub.lzv.mybluehost.me\/\/?page_id=7"},"modified":"2023-08-11T13:26:46","modified_gmt":"2023-08-11T13:26:46","slug":"ydelser","status":"publish","type":"page","link":"https:\/\/xn--linebrggermikkelsen-07b.dk\/?page_id=7","title":{"rendered":"Ydelser"},"content":{"rendered":"\n<p class=\"has-medium-font-size\"><meta charset=\"utf-8\"><strong>Ydelser<\/strong><\/p>\n\n\n\n<ul class=\"has-normal-font-size wp-block-list\">\n<li>Parterapi<\/li>\n\n\n\n<li>Individuel terapi<\/li>\n\n\n\n<li>Familie terapi<\/li>\n\n\n\n<li>Partjek<\/li>\n\n\n\n<li>Intensiv parterapi<\/li>\n\n\n\n<li>Kurser for par<\/li>\n\n\n\n<li>Supervision af fagfolk<\/li>\n\n\n\n<li>Undservisning, foredrag og kurser<\/li>\n<\/ul>\n\n\n\n<hr class=\"wp-block-separator has-text-color has-css-opacity has-background is-style-wide\" style=\"background-color:#4f6d7a;color:#4f6d7a\"\/>\n\n\n\n<p class=\"has-medium-font-size\"><strong>Parterapi<\/strong><\/p>\n\n\n\n<p class=\"has-normal-font-size\">Ryger I hyppigt ind i fastl\u00e5ste kommunikationsm\u00f8nstre? Er der nyligt opdaget utroskab, f\u00f8lgevirkninger efter tidligere utroskab eller andre tillidsbrud i relationen? Er der hos den ene af jer eller begge tvivl om relationen skal forts\u00e6tte? Lever I i en sammenbragt familie med dine, mine og vores b\u00f8rn. Har een af jer eller begge sv\u00e6re oplevelser med fra tidligere relationer, som p\u00e5virker jeres nuv\u00e6rende relation? Har I et \u00f8nske om udvikling, fokus p\u00e5 ressourcer og hj\u00e6lp til at komme t\u00e6ttere p\u00e5 f\u00e6lles m\u00e5l og dr\u00f8mme?<\/p>\n\n\n\n<p class=\"has-normal-font-size\">N\u00e5r I booker tid hos mig, aftaler vi til en start et indledende forl\u00f8b, som best\u00e5r af: \u00c9n f\u00f8rste f\u00e6lles samtale, \u00e9n individuel samtale til jer hver is\u00e6r og \u00e9n anden f\u00e6lles samtale. Forud for vores f\u00f8rste f\u00e6lles samtale, vil I modtage et link til et sp\u00f8rgeskema, som I begge skal have udfyldt og returneret, f\u00f8r vi ses. Sp\u00f8rgeskemaet bruger jeg i starten af forl\u00f8bet til grundigt at afd\u00e6kke, hvad I er udfordrede af, og hvad I har brug for min hj\u00e6lp til. Ved de individuelle samtaler g\u00e5r vi yderligere ind i hvad der er p\u00e5 spil for jer hver is\u00e6r. De individuelle samtaler g\u00f8r det muligt, at forst\u00e5 hvad der udfordrer jer hver is\u00e6r uden den andens tilstedev\u00e6relse. Ved den anden f\u00e6lles samtale samler vi op og skaber i samarbejde et effektivt fokus, s\u00e5 vi alle er enige om hvilken retning I gerne vil arbejde i.<\/p>\n\n\n\n<p class=\"has-normal-font-size\">Forskningen fort\u00e6ller os, at man har bedst effekt af parterapi, hvis man kommer regelm\u00e6ssigt og hyppigt i starten af forl\u00f8bet. Ligeledes ved vi fra forskningen, at de individuelle samtaler er med til at sk\u00e6rpe fokus i forl\u00f8bet, og sikrer et bedre udbytte af parterapien.<\/p>\n\n\n\n<p>Mit prim\u00e6re afs\u00e6t i m\u00f8det med jer er emotionsfokuseret parterapi. Det er en evidensbaseret metode udviklet af Sue Johnson og kollegaer. Jeg er certificeret i metoden og superviserer ogs\u00e5 fagfolk i metoden.<\/p>\n\n\n\n<p>I kan h\u00f8re mig fort\u00e6lle om arbejdet med par og emotionsfokuseret parterapi her:<\/p>\n\n\n\n<p>link til de to podcasts p\u00e5 psykologernes hjemmeside.<\/p>\n\n\n\n<hr class=\"wp-block-separator has-text-color has-css-opacity has-background is-style-wide\" style=\"background-color:#4f6d7a;color:#4f6d7a\"\/>\n\n\n\n<p class=\"has-medium-font-size\"><strong>Individuel terapi<\/strong><\/p>\n\n\n\n<p class=\"has-normal-font-size\">Et individuelt samtaleforl\u00f8b hos mig begynder med en grundig afd\u00e6kning af hvad det er for problemer du oplever og i hvilke sammenh\u00e6nge\/ med hvilke personer du oplever at have symptomer p\u00e5 mistrivsel.<br>Problemer og symptomer opst\u00e5r, n\u00e5r vi har besv\u00e6r med at h\u00e5ndtere de f\u00f8lelser, der v\u00e6kkes i os. I stedet m\u00e6rker vi forskellige former for ubehag eller vi reagerer uhensigtsm\u00e6ssigt.<br>Vi vil arbejde fokuseret mhp at afd\u00e6kke det du k\u00e6mper med, og sammen finde ud af hvordan dine problemer h\u00e6nger sammen, og hvad vi skal g\u00f8re for at l\u00f8se dem. I samtalerne er vi s\u00e6rligt optaget af de f\u00f8lelser du m\u00e6rker og registrerer. Vi har sammen blik for det du undg\u00e5r og som f\u00e5r dig til at h\u00e5ndtere dig selv p\u00e5 uhensigtsm\u00e6ssige m\u00e5der. <\/p>\n\n\n\n<p class=\"has-normal-font-size\"><br>Jeg anbefaler samtaler p\u00e5 90 minutter f\u00f8rste gang vi ses. <\/p>\n\n\n\n<hr class=\"wp-block-separator has-text-color has-css-opacity has-background is-style-wide\" style=\"background-color:#4f6d7a;color:#4f6d7a\"\/>\n\n\n\n<p class=\"has-medium-font-size\"><strong>Familie terapi<\/strong><\/p>\n\n\n\n<p class=\"has-normal-font-size\">Jeg tilbyder familiesamtaler til familier med b\u00f8rn over 18 \u00e5r eller med voksne familiemedlemmer.<br>Jeg tilbyder et rum til jer, der \u00f8nsker at kigge p\u00e5, hvad det er, der blokerer for, at I kan have den relation til hinanden, som I \u00f8nsker. Jeg hj\u00e6lper jer til at kigge under de synlige konflikter og ind i hvad der driver konflikterne.<br>Kontakt mig for en snak om hvordan et forl\u00f8b kan se ud for jeres familie.<\/p>\n\n\n\n<hr class=\"wp-block-separator has-text-color has-css-opacity has-background is-style-wide\" style=\"background-color:#4f6d7a;color:#4f6d7a\"\/>\n\n\n\n<p class=\"has-medium-font-size\"><strong>Partjek<\/strong><\/p>\n\n\n\n<p style=\"font-size:16px\">Partjek er en mulighed for at tage temperaturen p\u00e5 jeres parforhold, og hente ny inspiration og viden til at kunne g\u00f8re det mere fokuseret og m\u00e5lrettet. Et Partjek giver indblik i henholdvis jeres styrker og udfordringer i forholdet. Form\u00e5let med et Partjek er, at hj\u00e6lpe jer til at styrke og vedligeholde jeres forhold i tide.<br>Partjek er udviklet af Center for Familieudvikling og Aarhus Universitet. Det er et forskningsbaseret koncept, og der er evidens for, at par efter et partjek oplever forbedret parforholdskvalitet. Et Par-tjek kan med fordel gentages cirka en gang om \u00e5ret.<br>Tilbuddet best\u00e5r af et online sp\u00f8rgeskema efterfulgt af to samtaler af halvanden times varighed. Samtalerne ligger ca med en uges mellemrum. Efter endt Partjek f\u00e5r I en skriftlig feed-back rapport med fra samtalen. Rapporten er jeres redskab og viden til at forts\u00e6tte arbejdet derhjemme. <\/p>\n\n\n\n<p style=\"font-size:16px\">I kan f\u00e5 indblik I hvad et Partjek er her:<br><a href=\"https:\/\/www.dr.dk\/drtv\/episode\/sundhedsmagasinet_-lysten-mangler-i-lem_56906\" target=\"_blank\" rel=\"noreferrer noopener\">https:\/\/www.dr.dk\/drtv\/episode\/sundhedsmagasinet_-lysten-mangler-i-lem_56906<\/a><\/p>\n\n\n\n<p style=\"font-size:16px\">I kan pr\u00f8ve et gratis online Partjek her:<br><a rel=\"noreferrer noopener\" href=\"https:\/\/www.survey-xact.dk\/answer\" target=\"_blank\">https:\/\/www.survey-xact.dk\/answer<\/a><\/p>\n\n\n\n<p style=\"font-size:16px\">Og generelt l\u00e6se mere om Partjek og forskningen bag her:<br><a rel=\"noreferrer noopener\" href=\"https:\/\/www.dr.dk\/levnu\/parforhold\/ny-forskning-parforholdet-bliver-bedre-naar-det-faar-et-service-eftersyn\" target=\"_blank\">https:\/\/www.dr.dk\/levnu\/parforhold\/ny-forskning-parforholdet-bliver-bedre-naar-det-faar-et-service-eftersyn<\/a><\/p>\n\n\n\n<hr class=\"wp-block-separator has-text-color has-css-opacity has-background is-style-wide\" style=\"background-color:#4f6d7a;color:#4f6d7a\"\/>\n\n\n\n<p class=\"has-medium-font-size\"><strong>Intensiv parterapi<\/strong><\/p>\n\n\n\n<p class=\"has-normal-font-size\">Intensiv parterapi varer 5 timer. Det kan v\u00e6re en effektiv m\u00e5de at stoppe op, og s\u00e6tte fokus p\u00e5 ressourcer samt udfordringer i relationen. Det kan v\u00e6re begyndelsen p\u00e5 en anden m\u00e5de at v\u00e6re sammen p\u00e5. For nogle par er det nok til at p\u00e5begynde en ny udvikling sammen. For andre kan det v\u00e6re begyndelsen p\u00e5 et forl\u00f8b.<\/p>\n\n\n\n<p class=\"has-normal-font-size\">Ved at v\u00e6lge intensiv parterapi f\u00e5r I:<\/p>\n\n\n\n<ul class=\"has-normal-font-size wp-block-list\">\n<li>God tid til fordybelse og n\u00e6rv\u00e6r med hinanden<\/li>\n\n\n\n<li>Mulighed for at m\u00e6rke k\u00e6rlighed til hinanden igen<\/li>\n\n\n\n<li>En saltvandsindspr\u00f8jtning, der minder jer om hvorfor I fortsat er sammen<\/li>\n\n\n\n<li>St\u00f8rre bevidsthed om de sv\u00e6re samspilsm\u00f8nstre I ryger ind i<\/li>\n\n\n\n<li>Mulighed for at forst\u00e5 hvilke l\u00e6ngsler der ligger bag din partners adf\u00e6rd<\/li>\n\n\n\n<li>Viden og undervisning undervejs, s\u00e5 I f\u00e5r nogle flere redskaber til jeres v\u00e6rkt\u00f8jskasse<\/li>\n<\/ul>\n\n\n\n<p class=\"has-normal-font-size\">Intensiv parterapi varer 5 timer og undervejs holder vi en god lang pause, hvor I kan g\u00e5 ud og f\u00e5 frokost.<\/p>\n\n\n\n<hr class=\"wp-block-separator has-text-color has-css-opacity has-background is-style-wide\" style=\"background-color:#4f6d7a;color:#4f6d7a\"\/>\n\n\n\n<p class=\"has-medium-font-size\"><strong>Kursus for par<\/strong><\/p>\n\n\n\n<p class=\"has-normal-font-size\">Et parkursus er for jer der \u00f8nsker viden, redskaber og ny erfaring i at kunne v\u00e6re med hinanden og tale med hinanden p\u00e5 nye m\u00e5der. Det er for jer der gerne vil hinanden, men ogs\u00e5 oplever udfordringer i jeres samliv. Det er ogs\u00e5 for jer der tidligere har v\u00e6ret i parterapi og nu har et \u00f8nske om at pr\u00f8ve et andet koncept i en anden kontekst. Et parkursus giver jer et landkort og en f\u00e6lles fort\u00e6lling om landskabet. Det giver et godt f\u00e6lles afs\u00e6t for at arbejde videre, og kan med fordel f\u00f8lges op af parterapi.<br>Jeg har mange \u00e5rs erfaring i at afholde kurser til par. Jeg afholder 2-dages weekendkurser kl 9-15 inspireret af Prevention and relationship enhancement program (PREP), emotionsfokuseret parterapi, Partjek, Neel Fasting, John Gottman, Ester Perrel, Helen Fisher samt anden inspiration og viden jeg har indsamlet gennem mange \u00e5rs arbejde med par. <\/p>\n\n\n\n<p class=\"has-normal-font-size\">Kurser for par har et p\u00e6dagogisk sigte. Det betyder at du ankommer med din partner, du lytter, taler og laver \u00f8velser med din partner, og du g\u00e5r med din partner. Kort fortalt \u2013 det er ikke gruppeterapi, men et p\u00e6dagogisk rum, hvor I som par veksler mellem at h\u00f8re opl\u00e6g, tale med hinanden og lave \u00f8velser sammen. <\/p>\n\n\n\n<p class=\"has-normal-font-size\">Jeg har pt ikke nogle kurser for par planlagt. Kontakt mig ved interesse.<\/p>\n\n\n\n<hr class=\"wp-block-separator has-text-color has-css-opacity has-background is-style-wide\" style=\"background-color:#4f6d7a;color:#4f6d7a\"\/>\n\n\n\n<p class=\"has-medium-font-size\"><strong>Supervision af fagfolk<\/strong><\/p>\n\n\n\n<p class=\"has-normal-font-size\">Jeg tilbyder supervision til fagfolk. Hvis du er psykolog og p\u00e5 vej mod autorisation, kan du bruge supervision hos mig til din autorisation. Jeg er ligeledes supervisor i emotionsfokuseret parterapi. Det betyder, at jeg er godkendt af ICEEFT (International Centre for Emotional Focused Therapy) og at du kan bruge supervision hos mig til din certificering i emotionsfokuseret parterapi (EFT).<\/p>\n\n\n\n<p>1-2 personer t\u00e6ller til individuel supervision. 3-5 personer t\u00e6ller til gruppesupervision. En time er 50 minutter.<\/p>\n\n\n\n<p class=\"has-normal-font-size\">L\u00e6s mere om de krav der er til at blive certificeret i EFT her:<br><a rel=\"noreferrer noopener\" href=\"https:\/\/dkceft.dk\/supervision\/\" target=\"_blank\">https:\/\/dkceft.dk\/supervision\/<\/a><\/p>\n\n\n\n<p>Jeg opstarter en ny supervisionsgruppe med fokus p\u00e5 par og emotionsfokuseret parterapi den 6. oktober 2021. L\u00e6s mere om gruppen her: link til gruppe p\u00e5 psykologernes hjemmeside<\/p>\n\n\n\n<hr class=\"wp-block-separator has-text-color has-css-opacity has-background is-style-wide\" style=\"background-color:#4f6d7a;color:#4f6d7a\"\/>\n\n\n\n<p class=\"has-medium-font-size\"><strong>Undervisning, foredrag og kurser<\/strong><\/p>\n\n\n\n<p class=\"has-normal-font-size\">Jeg underviser fagfolk i arbejdet med par. Det kan v\u00e6re psykologer, terapeuter, sundhedsplejersker, l\u00e6ger eller andre der m\u00f8der par i deres arbejde. Jeg kan tilbyde undervisning med fokus p\u00e5 viden og redskaber i samt undervisning i terapeutiske f\u00e6rdigheder.<\/p>\n\n\n\n<p class=\"has-normal-font-size\">Jeg stor erfaring i at formidle og undervise, og har uddannet fagfolk i PREPleder, uddannet det danske forsvar i PREPleder, holdt foredrag om bl.a. par i sammenbragte familier, undervist alment praktiserende l\u00e6ger p\u00e5 speciall\u00e6geuddannelsen i par og parforholdsdynamikker.<\/p>\n\n\n\n<p class=\"has-normal-font-size\">Kontakt mig for en snak om hvad I har har behov og \u00f8nsker til undervisning, kurser eller foredrag.<\/p>\n\n\n\n<hr class=\"wp-block-separator has-text-color has-css-opacity has-background is-style-wide\" style=\"background-color:#4f6d7a;color:#4f6d7a\"\/>\n","protected":false},"excerpt":{"rendered":"<p>Ydelser Parterapi Ryger I hyppigt ind i fastl\u00e5ste kommunikationsm\u00f8nstre? Er der nyligt opdaget utroskab, f\u00f8lgevirkninger efter tidligere utroskab eller andre tillidsbrud i relationen? Er der hos den ene af jer&hellip;<\/p>\n","protected":false},"author":1,"featured_media":0,"parent":0,"menu_order":0,"comment_status":"closed","ping_status":"closed","template":"","meta":{"nf_dc_page":"","om_disable_all_campaigns":false,"_monsterinsights_skip_tracking":false,"_monsterinsights_sitenote_active":false,"_monsterinsights_sitenote_note":"","_monsterinsights_sitenote_category":0,"footnotes":""},"class_list":["post-7","page","type-page","status-publish","hentry"],"jetpack_sharing_enabled":true,"_links":{"self":[{"href":"https:\/\/xn--linebrggermikkelsen-07b.dk\/index.php?rest_route=\/wp\/v2\/pages\/7","targetHints":{"allow":["GET"]}}],"collection":[{"href":"https:\/\/xn--linebrggermikkelsen-07b.dk\/index.php?rest_route=\/wp\/v2\/pages"}],"about":[{"href":"https:\/\/xn--linebrggermikkelsen-07b.dk\/index.php?rest_route=\/wp\/v2\/types\/page"}],"author":[{"embeddable":true,"href":"https:\/\/xn--linebrggermikkelsen-07b.dk\/index.php?rest_route=\/wp\/v2\/users\/1"}],"replies":[{"embeddable":true,"href":"https:\/\/xn--linebrggermikkelsen-07b.dk\/index.php?rest_route=%2Fwp%2Fv2%2Fcomments&post=7"}],"version-history":[{"count":6,"href":"https:\/\/xn--linebrggermikkelsen-07b.dk\/index.php?rest_route=\/wp\/v2\/pages\/7\/revisions"}],"predecessor-version":[{"id":363,"href":"https:\/\/xn--linebrggermikkelsen-07b.dk\/index.php?rest_route=\/wp\/v2\/pages\/7\/revisions\/363"}],"wp:attachment":[{"href":"https:\/\/xn--linebrggermikkelsen-07b.dk\/index.php?rest_route=%2Fwp%2Fv2%2Fmedia&parent=7"}],"curies":[{"name":"wp","href":"https:\/\/api.w.org\/{rel}","templated":true}]}}